{"id":5891,"date":"2026-03-04T16:33:40","date_gmt":"2026-03-04T16:33:40","guid":{"rendered":"https:\/\/droneagro.md\/uncategorized\/\/"},"modified":"2026-03-04T16:36:23","modified_gmt":"2026-03-04T16:36:23","slug":"dji-zenmuse-l3","status":"publish","type":"product","link":"https:\/\/droneagro.md\/ru\/camere\/dji-zenmuse-l3\/","title":{"rendered":"DJI Zenmuse L3"},"content":{"rendered":"","protected":false},"excerpt":{"rendered":"<p>*Pre\u021bul este indicat fara TVA<\/p>\n<p>DJI Zenmuse L3 este o camer\u0103 LiDAR de \u00eenalt\u0103 precizie pentru cartografiere aerian\u0103 \u0219i modelare 3D. Este echipat\u0103 cu un scanner laser performant cu raz\u0103 de detec\u021bie de p\u00e2n\u0103 la 2000 m \u0219i o camer\u0103 RGB CMOS 4\/3 de 100 MP. Ofer\u0103 o precizie de m\u0103surare de p\u00e2n\u0103 la \u00b110 mm \u0219i permite generarea unor nori de puncte extrem de detalia\u021bi. Este compatibil\u0103 cu dronele industriale DJI Matrice \u0219i este utilizat\u0103 pentru topografie, inspec\u021bii \u0219i modelarea terenului.<\/p>","protected":false},"featured_media":5894,"template":"","meta":{"_acf_changed":false,"site-sidebar-layout":"default","site-content-layout":"","ast-site-content-layout":"default","site-content-style":"default","site-sidebar-style":"default","ast-global-header-display":"","ast-banner-title-visibility":"","ast-main-header-display":"","ast-hfb-above-header-display":"","ast-hfb-below-header-display":"","ast-hfb-mobile-header-display":"","site-post-title":"","ast-breadcrumbs-content":"","ast-featured-img":"","footer-sml-layout":"","theme-transparent-header-meta":"default","adv-header-id-meta":"","stick-header-meta":"","header-above-stick-meta":"","header-main-stick-meta":"","header-below-stick-meta":"","astra-migrate-meta-layouts":"set","ast-page-background-enabled":"default","ast-page-background-meta":{"desktop":{"background-color":"var(--ast-global-color-4)","background-image":"","background-repeat":"repeat","background-position":"center center","background-size":"auto","background-attachment":"scroll","background-type":"","background-media":"","overlay-type":"","overlay-color":"","overlay-gradient":""},"tablet":{"background-color":"","background-image":"","background-repeat":"repeat","background-position":"center center","background-size":"auto","background-attachment":"scroll","background-type":"","background-media":"","overlay-type":"","overlay-color":"","overlay-gradient":""},"mobile":{"background-color":"","background-image":"","background-repeat":"repeat","background-position":"center center","background-size":"auto","background-attachment":"scroll","background-type":"","background-media":"","overlay-type":"","overlay-color":"","overlay-gradient":""}},"ast-content-background-meta":{"desktop":{"background-color":"var(--ast-global-color-5)","background-image":"","background-repeat":"repeat","background-position":"center center","background-size":"auto","background-attachment":"scroll","background-type":"","background-media":"","overlay-type":"","overlay-color":"","overlay-gradient":""},"tablet":{"background-color":"var(--ast-global-color-5)","background-image":"","background-repeat":"repeat","background-position":"center center","background-size":"auto","background-attachment":"scroll","background-type":"","background-media":"","overlay-type":"","overlay-color":"","overlay-gradient":""},"mobile":{"background-color":"var(--ast-global-color-5)","background-image":"","background-repeat":"repeat","background-position":"center center","background-size":"auto","background-attachment":"scroll","background-type":"","background-media":"","overlay-type":"","overlay-color":"","overlay-gradient":""}}},"product_brand":[],"product_cat":[33],"product_tag":[],"class_list":{"0":"post-5891","1":"product","2":"type-product","3":"status-publish","4":"has-post-thumbnail","6":"product_cat-camere","7":"desktop-align-left","8":"tablet-align-left","9":"mobile-align-left","11":"first","12":"instock","13":"shipping-taxable","14":"purchasable","15":"product-type-simple"},"acf":[],"yoast_head":"<!-- This site is optimized with the Yoast SEO plugin v25.5 - https:\/\/yoast.com\/wordpress\/plugins\/seo\/ -->\n<title>DJI Zenmuse L3 - Dron Agro Asistance<\/title>\n<meta name=\"robots\" content=\"index, follow, max-snippet:-1, max-image-preview:large, max-video-preview:-1\" \/>\n<link rel=\"canonical\" href=\"https:\/\/droneagro.md\/ru\/camere\/dji-zenmuse-l3\/\" \/>\n<meta property=\"og:locale\" content=\"ru_RU\" \/>\n<meta property=\"og:type\" content=\"article\" \/>\n<meta property=\"og:title\" content=\"DJI Zenmuse L3 - Dron Agro Asistance\" \/>\n<meta property=\"og:description\" content=\"*Pre\u021bul este indicat fara TVA  DJI Zenmuse L3 este o camer\u0103 LiDAR de \u00eenalt\u0103 precizie pentru cartografiere aerian\u0103 \u0219i modelare 3D. Este echipat\u0103 cu un scanner laser performant cu raz\u0103 de detec\u021bie de p\u00e2n\u0103 la 2000 m \u0219i o camer\u0103 RGB CMOS 4\/3 de 100 MP. Ofer\u0103 o precizie de m\u0103surare de p\u00e2n\u0103 la \u00b110 mm \u0219i permite generarea unor nori de puncte extrem de detalia\u021bi. Este compatibil\u0103 cu dronele industriale DJI Matrice \u0219i este utilizat\u0103 pentru topografie, inspec\u021bii \u0219i modelarea terenului.\" \/>\n<meta property=\"og:url\" content=\"https:\/\/droneagro.md\/ru\/camere\/dji-zenmuse-l3\/\" \/>\n<meta property=\"og:site_name\" content=\"Dron Agro Asistance\" \/>\n<meta property=\"article:modified_time\" content=\"2026-03-04T16:36:23+00:00\" \/>\n<meta property=\"og:image\" content=\"https:\/\/droneagro.md\/wp-content\/uploads\/2026\/03\/DJIZenmuseL3-20.webp\" \/>\n\t<meta property=\"og:image:width\" content=\"1000\" \/>\n\t<meta property=\"og:image:height\" content=\"1000\" \/>\n\t<meta property=\"og:image:type\" content=\"image\/webp\" \/>\n<meta name=\"twitter:card\" content=\"summary_large_image\" \/>\n<meta name=\"twitter:label1\" content=\"\u041f\u0440\u0438\u043c\u0435\u0440\u043d\u043e\u0435 \u0432\u0440\u0435\u043c\u044f \u0434\u043b\u044f \u0447\u0442\u0435\u043d\u0438\u044f\" \/>\n\t<meta name=\"twitter:data1\" content=\"1 \u043c\u0438\u043d\u0443\u0442\u0430\" \/>\n<script type=\"application\/ld+json\" class=\"yoast-schema-graph\">{\"@context\":\"https:\/\/schema.org\",\"@graph\":[{\"@type\":\"WebPage\",\"@id\":\"https:\/\/droneagro.md\/ru\/camere\/dji-zenmuse-l3\/\",\"url\":\"https:\/\/droneagro.md\/ru\/camere\/dji-zenmuse-l3\/\",\"name\":\"DJI Zenmuse L3 - Dron Agro Asistance\",\"isPartOf\":{\"@id\":\"https:\/\/droneagro.md\/ru\/#website\"},\"primaryImageOfPage\":{\"@id\":\"https:\/\/droneagro.md\/ru\/camere\/dji-zenmuse-l3\/#primaryimage\"},\"image\":{\"@id\":\"https:\/\/droneagro.md\/ru\/camere\/dji-zenmuse-l3\/#primaryimage\"},\"thumbnailUrl\":\"https:\/\/droneagro.md\/wp-content\/uploads\/2026\/03\/DJIZenmuseL3-20.webp\",\"datePublished\":\"2026-03-04T16:33:40+00:00\",\"dateModified\":\"2026-03-04T16:36:23+00:00\",\"breadcrumb\":{\"@id\":\"https:\/\/droneagro.md\/ru\/camere\/dji-zenmuse-l3\/#breadcrumb\"},\"inLanguage\":\"ru-RU\",\"potentialAction\":[{\"@type\":\"ReadAction\",\"target\":[\"https:\/\/droneagro.md\/ru\/camere\/dji-zenmuse-l3\/\"]}]},{\"@type\":\"ImageObject\",\"inLanguage\":\"ru-RU\",\"@id\":\"https:\/\/droneagro.md\/ru\/camere\/dji-zenmuse-l3\/#primaryimage\",\"url\":\"https:\/\/droneagro.md\/wp-content\/uploads\/2026\/03\/DJIZenmuseL3-20.webp\",\"contentUrl\":\"https:\/\/droneagro.md\/wp-content\/uploads\/2026\/03\/DJIZenmuseL3-20.webp\",\"width\":1000,\"height\":1000},{\"@type\":\"BreadcrumbList\",\"@id\":\"https:\/\/droneagro.md\/ru\/camere\/dji-zenmuse-l3\/#breadcrumb\",\"itemListElement\":[{\"@type\":\"ListItem\",\"position\":1,\"name\":\"\u0413\u043b\u0430\u0432\u043d\u0430\u044f\",\"item\":\"https:\/\/droneagro.md\/ru\/\"},{\"@type\":\"ListItem\",\"position\":2,\"name\":\"Magazin\",\"item\":\"https:\/\/droneagro.md\/shop\/\"},{\"@type\":\"ListItem\",\"position\":3,\"name\":\"DJI Zenmuse L3\"}]},{\"@type\":\"WebSite\",\"@id\":\"https:\/\/droneagro.md\/ru\/#website\",\"url\":\"https:\/\/droneagro.md\/ru\/\",\"name\":\"Dron Agro Asistance\",\"description\":\"Inova\u021bie \u00een agricultur\u0103, cu ajutorul dronelor\",\"publisher\":{\"@id\":\"https:\/\/droneagro.md\/ru\/#organization\"},\"potentialAction\":[{\"@type\":\"SearchAction\",\"target\":{\"@type\":\"EntryPoint\",\"urlTemplate\":\"https:\/\/droneagro.md\/ru\/?s={search_term_string}\"},\"query-input\":{\"@type\":\"PropertyValueSpecification\",\"valueRequired\":true,\"valueName\":\"search_term_string\"}}],\"inLanguage\":\"ru-RU\"},{\"@type\":\"Organization\",\"@id\":\"https:\/\/droneagro.md\/ru\/#organization\",\"name\":\"Dron Agro Asistance\",\"url\":\"https:\/\/droneagro.md\/ru\/\",\"logo\":{\"@type\":\"ImageObject\",\"inLanguage\":\"ru-RU\",\"@id\":\"https:\/\/droneagro.md\/ru\/#\/schema\/logo\/image\/\",\"url\":\"https:\/\/droneagro.md\/wp-content\/uploads\/2024\/02\/cropped-dronlogoedit3.8c2c5a9c5072d03c3cfb-1.png\",\"contentUrl\":\"https:\/\/droneagro.md\/wp-content\/uploads\/2024\/02\/cropped-dronlogoedit3.8c2c5a9c5072d03c3cfb-1.png\",\"width\":595,\"height\":210,\"caption\":\"Dron Agro Asistance\"},\"image\":{\"@id\":\"https:\/\/droneagro.md\/ru\/#\/schema\/logo\/image\/\"}}]}<\/script>\n<!-- \/ Yoast SEO plugin. -->","yoast_head_json":{"title":"DJI Zenmuse L3 - Dron Agro Asistance","robots":{"index":"index","follow":"follow","max-snippet":"max-snippet:-1","max-image-preview":"max-image-preview:large","max-video-preview":"max-video-preview:-1"},"canonical":"https:\/\/droneagro.md\/ru\/camere\/dji-zenmuse-l3\/","og_locale":"ru_RU","og_type":"article","og_title":"DJI Zenmuse L3 - Dron Agro Asistance","og_description":"*Pre\u021bul este indicat fara TVA  DJI Zenmuse L3 este o camer\u0103 LiDAR de \u00eenalt\u0103 precizie pentru cartografiere aerian\u0103 \u0219i modelare 3D. Este echipat\u0103 cu un scanner laser performant cu raz\u0103 de detec\u021bie de p\u00e2n\u0103 la 2000 m \u0219i o camer\u0103 RGB CMOS 4\/3 de 100 MP. Ofer\u0103 o precizie de m\u0103surare de p\u00e2n\u0103 la \u00b110 mm \u0219i permite generarea unor nori de puncte extrem de detalia\u021bi. Este compatibil\u0103 cu dronele industriale DJI Matrice \u0219i este utilizat\u0103 pentru topografie, inspec\u021bii \u0219i modelarea terenului.","og_url":"https:\/\/droneagro.md\/ru\/camere\/dji-zenmuse-l3\/","og_site_name":"Dron Agro Asistance","article_modified_time":"2026-03-04T16:36:23+00:00","og_image":[{"width":1000,"height":1000,"url":"https:\/\/droneagro.md\/wp-content\/uploads\/2026\/03\/DJIZenmuseL3-20.webp","type":"image\/webp"}],"twitter_card":"summary_large_image","twitter_misc":{"\u041f\u0440\u0438\u043c\u0435\u0440\u043d\u043e\u0435 \u0432\u0440\u0435\u043c\u044f \u0434\u043b\u044f \u0447\u0442\u0435\u043d\u0438\u044f":"1 \u043c\u0438\u043d\u0443\u0442\u0430"},"schema":{"@context":"https:\/\/schema.org","@graph":[{"@type":"WebPage","@id":"https:\/\/droneagro.md\/ru\/camere\/dji-zenmuse-l3\/","url":"https:\/\/droneagro.md\/ru\/camere\/dji-zenmuse-l3\/","name":"DJI Zenmuse L3 - Dron Agro Asistance","isPartOf":{"@id":"https:\/\/droneagro.md\/ru\/#website"},"primaryImageOfPage":{"@id":"https:\/\/droneagro.md\/ru\/camere\/dji-zenmuse-l3\/#primaryimage"},"image":{"@id":"https:\/\/droneagro.md\/ru\/camere\/dji-zenmuse-l3\/#primaryimage"},"thumbnailUrl":"https:\/\/droneagro.md\/wp-content\/uploads\/2026\/03\/DJIZenmuseL3-20.webp","datePublished":"2026-03-04T16:33:40+00:00","dateModified":"2026-03-04T16:36:23+00:00","breadcrumb":{"@id":"https:\/\/droneagro.md\/ru\/camere\/dji-zenmuse-l3\/#breadcrumb"},"inLanguage":"ru-RU","potentialAction":[{"@type":"ReadAction","target":["https:\/\/droneagro.md\/ru\/camere\/dji-zenmuse-l3\/"]}]},{"@type":"ImageObject","inLanguage":"ru-RU","@id":"https:\/\/droneagro.md\/ru\/camere\/dji-zenmuse-l3\/#primaryimage","url":"https:\/\/droneagro.md\/wp-content\/uploads\/2026\/03\/DJIZenmuseL3-20.webp","contentUrl":"https:\/\/droneagro.md\/wp-content\/uploads\/2026\/03\/DJIZenmuseL3-20.webp","width":1000,"height":1000},{"@type":"BreadcrumbList","@id":"https:\/\/droneagro.md\/ru\/camere\/dji-zenmuse-l3\/#breadcrumb","itemListElement":[{"@type":"ListItem","position":1,"name":"\u0413\u043b\u0430\u0432\u043d\u0430\u044f","item":"https:\/\/droneagro.md\/ru\/"},{"@type":"ListItem","position":2,"name":"Magazin","item":"https:\/\/droneagro.md\/shop\/"},{"@type":"ListItem","position":3,"name":"DJI Zenmuse L3"}]},{"@type":"WebSite","@id":"https:\/\/droneagro.md\/ru\/#website","url":"https:\/\/droneagro.md\/ru\/","name":"Dron Agro Asistance","description":"Inova\u021bie \u00een agricultur\u0103, cu ajutorul dronelor","publisher":{"@id":"https:\/\/droneagro.md\/ru\/#organization"},"potentialAction":[{"@type":"SearchAction","target":{"@type":"EntryPoint","urlTemplate":"https:\/\/droneagro.md\/ru\/?s={search_term_string}"},"query-input":{"@type":"PropertyValueSpecification","valueRequired":true,"valueName":"search_term_string"}}],"inLanguage":"ru-RU"},{"@type":"Organization","@id":"https:\/\/droneagro.md\/ru\/#organization","name":"Dron Agro Asistance","url":"https:\/\/droneagro.md\/ru\/","logo":{"@type":"ImageObject","inLanguage":"ru-RU","@id":"https:\/\/droneagro.md\/ru\/#\/schema\/logo\/image\/","url":"https:\/\/droneagro.md\/wp-content\/uploads\/2024\/02\/cropped-dronlogoedit3.8c2c5a9c5072d03c3cfb-1.png","contentUrl":"https:\/\/droneagro.md\/wp-content\/uploads\/2024\/02\/cropped-dronlogoedit3.8c2c5a9c5072d03c3cfb-1.png","width":595,"height":210,"caption":"Dron Agro Asistance"},"image":{"@id":"https:\/\/droneagro.md\/ru\/#\/schema\/logo\/image\/"}}]}},"_links":{"self":[{"href":"https:\/\/droneagro.md\/ru\/wp-json\/wp\/v2\/product\/5891","targetHints":{"allow":["GET"]}}],"collection":[{"href":"https:\/\/droneagro.md\/ru\/wp-json\/wp\/v2\/product"}],"about":[{"href":"https:\/\/droneagro.md\/ru\/wp-json\/wp\/v2\/types\/product"}],"wp:featuredmedia":[{"embeddable":true,"href":"https:\/\/droneagro.md\/ru\/wp-json\/wp\/v2\/media\/5894"}],"wp:attachment":[{"href":"https:\/\/droneagro.md\/ru\/wp-json\/wp\/v2\/media?parent=5891"}],"wp:term":[{"taxonomy":"product_brand","embeddable":true,"href":"https:\/\/droneagro.md\/ru\/wp-json\/wp\/v2\/product_brand?post=5891"},{"taxonomy":"product_cat","embeddable":true,"href":"https:\/\/droneagro.md\/ru\/wp-json\/wp\/v2\/product_cat?post=5891"},{"taxonomy":"product_tag","embeddable":true,"href":"https:\/\/droneagro.md\/ru\/wp-json\/wp\/v2\/product_tag?post=5891"}],"curies":[{"name":"wp","href":"https:\/\/api.w.org\/{rel}","templated":true}]}}