{"id":5888,"date":"2026-03-04T16:28:42","date_gmt":"2026-03-04T16:28:42","guid":{"rendered":"https:\/\/droneagro.md\/uncategorized\/\/"},"modified":"2026-03-04T16:38:15","modified_gmt":"2026-03-04T16:38:15","slug":"dji-dock-3","status":"publish","type":"product","link":"https:\/\/droneagro.md\/ru\/accesorii-drone-agricole\/dji-dock-3\/","title":{"rendered":"DJI Dock 3"},"content":{"rendered":"","protected":false},"excerpt":{"rendered":"<p>*Pre\u021bul este indicat fara TVA<\/p>\n<p>DJI Dock 3 este o sta\u021bie automat\u0103 pentru operarea autonom\u0103 a dronelor DJI \u00een aplica\u021bii industriale. Sta\u021bia ofer\u0103 \u00eenc\u0103rcare rapid\u0103, pozi\u021bionare RTK integrat\u0103 \u0219i transmisie video pentru control la distan\u021b\u0103. Are protec\u021bie IP56 \u0219i poate func\u021biona \u00een condi\u021bii extreme, \u00eentre \u221230 \u0219i +50 \u00b0C. Este ideal\u0103 pentru monitorizare, inspec\u021bii \u0219i misiuni autonome cu drone.<\/p>","protected":false},"featured_media":5889,"template":"","meta":{"_acf_changed":false,"site-sidebar-layout":"default","site-content-layout":"","ast-site-content-layout":"default","site-content-style":"default","site-sidebar-style":"default","ast-global-header-display":"","ast-banner-title-visibility":"","ast-main-header-display":"","ast-hfb-above-header-display":"","ast-hfb-below-header-display":"","ast-hfb-mobile-header-display":"","site-post-title":"","ast-breadcrumbs-content":"","ast-featured-img":"","footer-sml-layout":"","theme-transparent-header-meta":"default","adv-header-id-meta":"","stick-header-meta":"","header-above-stick-meta":"","header-main-stick-meta":"","header-below-stick-meta":"","astra-migrate-meta-layouts":"set","ast-page-background-enabled":"default","ast-page-background-meta":{"desktop":{"background-color":"var(--ast-global-color-4)","background-image":"","background-repeat":"repeat","background-position":"center center","background-size":"auto","background-attachment":"scroll","background-type":"","background-media":"","overlay-type":"","overlay-color":"","overlay-gradient":""},"tablet":{"background-color":"","background-image":"","background-repeat":"repeat","background-position":"center center","background-size":"auto","background-attachment":"scroll","background-type":"","background-media":"","overlay-type":"","overlay-color":"","overlay-gradient":""},"mobile":{"background-color":"","background-image":"","background-repeat":"repeat","background-position":"center center","background-size":"auto","background-attachment":"scroll","background-type":"","background-media":"","overlay-type":"","overlay-color":"","overlay-gradient":""}},"ast-content-background-meta":{"desktop":{"background-color":"var(--ast-global-color-5)","background-image":"","background-repeat":"repeat","background-position":"center center","background-size":"auto","background-attachment":"scroll","background-type":"","background-media":"","overlay-type":"","overlay-color":"","overlay-gradient":""},"tablet":{"background-color":"var(--ast-global-color-5)","background-image":"","background-repeat":"repeat","background-position":"center center","background-size":"auto","background-attachment":"scroll","background-type":"","background-media":"","overlay-type":"","overlay-color":"","overlay-gradient":""},"mobile":{"background-color":"var(--ast-global-color-5)","background-image":"","background-repeat":"repeat","background-position":"center center","background-size":"auto","background-attachment":"scroll","background-type":"","background-media":"","overlay-type":"","overlay-color":"","overlay-gradient":""}}},"product_brand":[],"product_cat":[30],"product_tag":[],"class_list":{"0":"post-5888","1":"product","2":"type-product","3":"status-publish","4":"has-post-thumbnail","6":"product_cat-accesorii-drone-agricole","7":"desktop-align-left","8":"tablet-align-left","9":"mobile-align-left","11":"first","12":"instock","13":"shipping-taxable","14":"purchasable","15":"product-type-simple"},"acf":[],"yoast_head":"<!-- This site is optimized with the Yoast SEO plugin v25.5 - https:\/\/yoast.com\/wordpress\/plugins\/seo\/ -->\n<title>DJI Dock 3 - Dron Agro Asistance<\/title>\n<meta name=\"robots\" content=\"index, follow, max-snippet:-1, max-image-preview:large, max-video-preview:-1\" \/>\n<link rel=\"canonical\" href=\"https:\/\/droneagro.md\/ru\/accesorii-drone-agricole\/dji-dock-3\/\" \/>\n<meta property=\"og:locale\" content=\"ru_RU\" \/>\n<meta property=\"og:type\" content=\"article\" \/>\n<meta property=\"og:title\" content=\"DJI Dock 3 - Dron Agro Asistance\" \/>\n<meta property=\"og:description\" content=\"*Pre\u021bul este indicat fara TVA  DJI Dock 3 este o sta\u021bie automat\u0103 pentru operarea autonom\u0103 a dronelor DJI \u00een aplica\u021bii industriale. Sta\u021bia ofer\u0103 \u00eenc\u0103rcare rapid\u0103, pozi\u021bionare RTK integrat\u0103 \u0219i transmisie video pentru control la distan\u021b\u0103. Are protec\u021bie IP56 \u0219i poate func\u021biona \u00een condi\u021bii extreme, \u00eentre \u221230 \u0219i +50 \u00b0C. Este ideal\u0103 pentru monitorizare, inspec\u021bii \u0219i misiuni autonome cu drone.\" \/>\n<meta property=\"og:url\" content=\"https:\/\/droneagro.md\/ru\/accesorii-drone-agricole\/dji-dock-3\/\" \/>\n<meta property=\"og:site_name\" content=\"Dron Agro Asistance\" \/>\n<meta property=\"article:modified_time\" content=\"2026-03-04T16:38:15+00:00\" \/>\n<meta property=\"og:image\" content=\"https:\/\/droneagro.md\/wp-content\/uploads\/2026\/03\/DJIDock3pic-1.webp\" \/>\n\t<meta property=\"og:image:width\" content=\"720\" \/>\n\t<meta property=\"og:image:height\" content=\"720\" \/>\n\t<meta property=\"og:image:type\" content=\"image\/webp\" \/>\n<meta name=\"twitter:card\" content=\"summary_large_image\" \/>\n<meta name=\"twitter:label1\" content=\"\u041f\u0440\u0438\u043c\u0435\u0440\u043d\u043e\u0435 \u0432\u0440\u0435\u043c\u044f \u0434\u043b\u044f \u0447\u0442\u0435\u043d\u0438\u044f\" \/>\n\t<meta name=\"twitter:data1\" content=\"1 \u043c\u0438\u043d\u0443\u0442\u0430\" \/>\n<script type=\"application\/ld+json\" class=\"yoast-schema-graph\">{\"@context\":\"https:\/\/schema.org\",\"@graph\":[{\"@type\":\"WebPage\",\"@id\":\"https:\/\/droneagro.md\/ru\/accesorii-drone-agricole\/dji-dock-3\/\",\"url\":\"https:\/\/droneagro.md\/ru\/accesorii-drone-agricole\/dji-dock-3\/\",\"name\":\"DJI Dock 3 - Dron Agro Asistance\",\"isPartOf\":{\"@id\":\"https:\/\/droneagro.md\/ru\/#website\"},\"primaryImageOfPage\":{\"@id\":\"https:\/\/droneagro.md\/ru\/accesorii-drone-agricole\/dji-dock-3\/#primaryimage\"},\"image\":{\"@id\":\"https:\/\/droneagro.md\/ru\/accesorii-drone-agricole\/dji-dock-3\/#primaryimage\"},\"thumbnailUrl\":\"https:\/\/droneagro.md\/wp-content\/uploads\/2026\/03\/DJIDock3pic-1.webp\",\"datePublished\":\"2026-03-04T16:28:42+00:00\",\"dateModified\":\"2026-03-04T16:38:15+00:00\",\"breadcrumb\":{\"@id\":\"https:\/\/droneagro.md\/ru\/accesorii-drone-agricole\/dji-dock-3\/#breadcrumb\"},\"inLanguage\":\"ru-RU\",\"potentialAction\":[{\"@type\":\"ReadAction\",\"target\":[\"https:\/\/droneagro.md\/ru\/accesorii-drone-agricole\/dji-dock-3\/\"]}]},{\"@type\":\"ImageObject\",\"inLanguage\":\"ru-RU\",\"@id\":\"https:\/\/droneagro.md\/ru\/accesorii-drone-agricole\/dji-dock-3\/#primaryimage\",\"url\":\"https:\/\/droneagro.md\/wp-content\/uploads\/2026\/03\/DJIDock3pic-1.webp\",\"contentUrl\":\"https:\/\/droneagro.md\/wp-content\/uploads\/2026\/03\/DJIDock3pic-1.webp\",\"width\":720,\"height\":720},{\"@type\":\"BreadcrumbList\",\"@id\":\"https:\/\/droneagro.md\/ru\/accesorii-drone-agricole\/dji-dock-3\/#breadcrumb\",\"itemListElement\":[{\"@type\":\"ListItem\",\"position\":1,\"name\":\"\u0413\u043b\u0430\u0432\u043d\u0430\u044f\",\"item\":\"https:\/\/droneagro.md\/ru\/\"},{\"@type\":\"ListItem\",\"position\":2,\"name\":\"Magazin\",\"item\":\"https:\/\/droneagro.md\/shop\/\"},{\"@type\":\"ListItem\",\"position\":3,\"name\":\"DJI Dock 3\"}]},{\"@type\":\"WebSite\",\"@id\":\"https:\/\/droneagro.md\/ru\/#website\",\"url\":\"https:\/\/droneagro.md\/ru\/\",\"name\":\"Dron Agro Asistance\",\"description\":\"Inova\u021bie \u00een agricultur\u0103, cu ajutorul dronelor\",\"publisher\":{\"@id\":\"https:\/\/droneagro.md\/ru\/#organization\"},\"potentialAction\":[{\"@type\":\"SearchAction\",\"target\":{\"@type\":\"EntryPoint\",\"urlTemplate\":\"https:\/\/droneagro.md\/ru\/?s={search_term_string}\"},\"query-input\":{\"@type\":\"PropertyValueSpecification\",\"valueRequired\":true,\"valueName\":\"search_term_string\"}}],\"inLanguage\":\"ru-RU\"},{\"@type\":\"Organization\",\"@id\":\"https:\/\/droneagro.md\/ru\/#organization\",\"name\":\"Dron Agro Asistance\",\"url\":\"https:\/\/droneagro.md\/ru\/\",\"logo\":{\"@type\":\"ImageObject\",\"inLanguage\":\"ru-RU\",\"@id\":\"https:\/\/droneagro.md\/ru\/#\/schema\/logo\/image\/\",\"url\":\"https:\/\/droneagro.md\/wp-content\/uploads\/2024\/02\/cropped-dronlogoedit3.8c2c5a9c5072d03c3cfb-1.png\",\"contentUrl\":\"https:\/\/droneagro.md\/wp-content\/uploads\/2024\/02\/cropped-dronlogoedit3.8c2c5a9c5072d03c3cfb-1.png\",\"width\":595,\"height\":210,\"caption\":\"Dron Agro Asistance\"},\"image\":{\"@id\":\"https:\/\/droneagro.md\/ru\/#\/schema\/logo\/image\/\"}}]}<\/script>\n<!-- \/ Yoast SEO plugin. -->","yoast_head_json":{"title":"DJI Dock 3 - Dron Agro Asistance","robots":{"index":"index","follow":"follow","max-snippet":"max-snippet:-1","max-image-preview":"max-image-preview:large","max-video-preview":"max-video-preview:-1"},"canonical":"https:\/\/droneagro.md\/ru\/accesorii-drone-agricole\/dji-dock-3\/","og_locale":"ru_RU","og_type":"article","og_title":"DJI Dock 3 - Dron Agro Asistance","og_description":"*Pre\u021bul este indicat fara TVA  DJI Dock 3 este o sta\u021bie automat\u0103 pentru operarea autonom\u0103 a dronelor DJI \u00een aplica\u021bii industriale. Sta\u021bia ofer\u0103 \u00eenc\u0103rcare rapid\u0103, pozi\u021bionare RTK integrat\u0103 \u0219i transmisie video pentru control la distan\u021b\u0103. Are protec\u021bie IP56 \u0219i poate func\u021biona \u00een condi\u021bii extreme, \u00eentre \u221230 \u0219i +50 \u00b0C. Este ideal\u0103 pentru monitorizare, inspec\u021bii \u0219i misiuni autonome cu drone.","og_url":"https:\/\/droneagro.md\/ru\/accesorii-drone-agricole\/dji-dock-3\/","og_site_name":"Dron Agro Asistance","article_modified_time":"2026-03-04T16:38:15+00:00","og_image":[{"width":720,"height":720,"url":"https:\/\/droneagro.md\/wp-content\/uploads\/2026\/03\/DJIDock3pic-1.webp","type":"image\/webp"}],"twitter_card":"summary_large_image","twitter_misc":{"\u041f\u0440\u0438\u043c\u0435\u0440\u043d\u043e\u0435 \u0432\u0440\u0435\u043c\u044f \u0434\u043b\u044f \u0447\u0442\u0435\u043d\u0438\u044f":"1 \u043c\u0438\u043d\u0443\u0442\u0430"},"schema":{"@context":"https:\/\/schema.org","@graph":[{"@type":"WebPage","@id":"https:\/\/droneagro.md\/ru\/accesorii-drone-agricole\/dji-dock-3\/","url":"https:\/\/droneagro.md\/ru\/accesorii-drone-agricole\/dji-dock-3\/","name":"DJI Dock 3 - Dron Agro Asistance","isPartOf":{"@id":"https:\/\/droneagro.md\/ru\/#website"},"primaryImageOfPage":{"@id":"https:\/\/droneagro.md\/ru\/accesorii-drone-agricole\/dji-dock-3\/#primaryimage"},"image":{"@id":"https:\/\/droneagro.md\/ru\/accesorii-drone-agricole\/dji-dock-3\/#primaryimage"},"thumbnailUrl":"https:\/\/droneagro.md\/wp-content\/uploads\/2026\/03\/DJIDock3pic-1.webp","datePublished":"2026-03-04T16:28:42+00:00","dateModified":"2026-03-04T16:38:15+00:00","breadcrumb":{"@id":"https:\/\/droneagro.md\/ru\/accesorii-drone-agricole\/dji-dock-3\/#breadcrumb"},"inLanguage":"ru-RU","potentialAction":[{"@type":"ReadAction","target":["https:\/\/droneagro.md\/ru\/accesorii-drone-agricole\/dji-dock-3\/"]}]},{"@type":"ImageObject","inLanguage":"ru-RU","@id":"https:\/\/droneagro.md\/ru\/accesorii-drone-agricole\/dji-dock-3\/#primaryimage","url":"https:\/\/droneagro.md\/wp-content\/uploads\/2026\/03\/DJIDock3pic-1.webp","contentUrl":"https:\/\/droneagro.md\/wp-content\/uploads\/2026\/03\/DJIDock3pic-1.webp","width":720,"height":720},{"@type":"BreadcrumbList","@id":"https:\/\/droneagro.md\/ru\/accesorii-drone-agricole\/dji-dock-3\/#breadcrumb","itemListElement":[{"@type":"ListItem","position":1,"name":"\u0413\u043b\u0430\u0432\u043d\u0430\u044f","item":"https:\/\/droneagro.md\/ru\/"},{"@type":"ListItem","position":2,"name":"Magazin","item":"https:\/\/droneagro.md\/shop\/"},{"@type":"ListItem","position":3,"name":"DJI Dock 3"}]},{"@type":"WebSite","@id":"https:\/\/droneagro.md\/ru\/#website","url":"https:\/\/droneagro.md\/ru\/","name":"Dron Agro Asistance","description":"Inova\u021bie \u00een agricultur\u0103, cu ajutorul dronelor","publisher":{"@id":"https:\/\/droneagro.md\/ru\/#organization"},"potentialAction":[{"@type":"SearchAction","target":{"@type":"EntryPoint","urlTemplate":"https:\/\/droneagro.md\/ru\/?s={search_term_string}"},"query-input":{"@type":"PropertyValueSpecification","valueRequired":true,"valueName":"search_term_string"}}],"inLanguage":"ru-RU"},{"@type":"Organization","@id":"https:\/\/droneagro.md\/ru\/#organization","name":"Dron Agro Asistance","url":"https:\/\/droneagro.md\/ru\/","logo":{"@type":"ImageObject","inLanguage":"ru-RU","@id":"https:\/\/droneagro.md\/ru\/#\/schema\/logo\/image\/","url":"https:\/\/droneagro.md\/wp-content\/uploads\/2024\/02\/cropped-dronlogoedit3.8c2c5a9c5072d03c3cfb-1.png","contentUrl":"https:\/\/droneagro.md\/wp-content\/uploads\/2024\/02\/cropped-dronlogoedit3.8c2c5a9c5072d03c3cfb-1.png","width":595,"height":210,"caption":"Dron Agro Asistance"},"image":{"@id":"https:\/\/droneagro.md\/ru\/#\/schema\/logo\/image\/"}}]}},"_links":{"self":[{"href":"https:\/\/droneagro.md\/ru\/wp-json\/wp\/v2\/product\/5888","targetHints":{"allow":["GET"]}}],"collection":[{"href":"https:\/\/droneagro.md\/ru\/wp-json\/wp\/v2\/product"}],"about":[{"href":"https:\/\/droneagro.md\/ru\/wp-json\/wp\/v2\/types\/product"}],"wp:featuredmedia":[{"embeddable":true,"href":"https:\/\/droneagro.md\/ru\/wp-json\/wp\/v2\/media\/5889"}],"wp:attachment":[{"href":"https:\/\/droneagro.md\/ru\/wp-json\/wp\/v2\/media?parent=5888"}],"wp:term":[{"taxonomy":"product_brand","embeddable":true,"href":"https:\/\/droneagro.md\/ru\/wp-json\/wp\/v2\/product_brand?post=5888"},{"taxonomy":"product_cat","embeddable":true,"href":"https:\/\/droneagro.md\/ru\/wp-json\/wp\/v2\/product_cat?post=5888"},{"taxonomy":"product_tag","embeddable":true,"href":"https:\/\/droneagro.md\/ru\/wp-json\/wp\/v2\/product_tag?post=5888"}],"curies":[{"name":"wp","href":"https:\/\/api.w.org\/{rel}","templated":true}]}}