{"id":1338,"date":"2024-02-20T17:58:31","date_gmt":"2024-02-20T17:58:31","guid":{"rendered":"https:\/\/droneagro.md\/?post_type=product&#038;p=1338"},"modified":"2024-03-19T21:00:41","modified_gmt":"2024-03-19T21:00:41","slug":"kit-pomicultura-viticultura-dji-agras-t30","status":"publish","type":"product","link":"https:\/\/droneagro.md\/ru\/accesorii-drone-agricole\/kit-pomicultura-viticultura-dji-agras-t30\/","title":{"rendered":"Kit Pomicultur\u0103 \/ Viticultur\u0103 DJI Agras T30"},"content":{"rendered":"","protected":false},"excerpt":{"rendered":"<p class=\"descriere_product_content\">Sistemul de pulverizare pentru livezi \u0219i vi\u021b\u0103 de vie. Permite schimbarea configura\u021biei celei mai performante drone agricole DJI AGRAS T30 la configura\u021bia Orchard, mod dedicat opera\u021biunilor efectuate \u00een livezi \u0219i planta\u021biile de vi\u021b\u0103-de-vie. Totodat\u0103 se folosesc duzele conice TX-VK4 sau ZV-VK4 pentru o penetrabilitate sporit\u0103.<\/p>\n<div class=\"button_container_produs\"><\/div>","protected":false},"featured_media":1318,"template":"","meta":{"_acf_changed":false,"site-sidebar-layout":"default","site-content-layout":"","ast-site-content-layout":"default","site-content-style":"default","site-sidebar-style":"default","ast-global-header-display":"","ast-banner-title-visibility":"","ast-main-header-display":"","ast-hfb-above-header-display":"","ast-hfb-below-header-display":"","ast-hfb-mobile-header-display":"","site-post-title":"","ast-breadcrumbs-content":"","ast-featured-img":"","footer-sml-layout":"","theme-transparent-header-meta":"default","adv-header-id-meta":"","stick-header-meta":"","header-above-stick-meta":"","header-main-stick-meta":"","header-below-stick-meta":"","astra-migrate-meta-layouts":"set","ast-page-background-enabled":"default","ast-page-background-meta":{"desktop":{"background-color":"var(--ast-global-color-4)","background-image":"","background-repeat":"repeat","background-position":"center center","background-size":"auto","background-attachment":"scroll","background-type":"","background-media":"","overlay-type":"","overlay-color":"","overlay-gradient":""},"tablet":{"background-color":"","background-image":"","background-repeat":"repeat","background-position":"center center","background-size":"auto","background-attachment":"scroll","background-type":"","background-media":"","overlay-type":"","overlay-color":"","overlay-gradient":""},"mobile":{"background-color":"","background-image":"","background-repeat":"repeat","background-position":"center center","background-size":"auto","background-attachment":"scroll","background-type":"","background-media":"","overlay-type":"","overlay-color":"","overlay-gradient":""}},"ast-content-background-meta":{"desktop":{"background-color":"var(--ast-global-color-5)","background-image":"","background-repeat":"repeat","background-position":"center center","background-size":"auto","background-attachment":"scroll","background-type":"","background-media":"","overlay-type":"","overlay-color":"","overlay-gradient":""},"tablet":{"background-color":"var(--ast-global-color-5)","background-image":"","background-repeat":"repeat","background-position":"center center","background-size":"auto","background-attachment":"scroll","background-type":"","background-media":"","overlay-type":"","overlay-color":"","overlay-gradient":""},"mobile":{"background-color":"var(--ast-global-color-5)","background-image":"","background-repeat":"repeat","background-position":"center center","background-size":"auto","background-attachment":"scroll","background-type":"","background-media":"","overlay-type":"","overlay-color":"","overlay-gradient":""}}},"product_brand":[],"product_cat":[30],"product_tag":[],"class_list":{"0":"post-1338","1":"product","2":"type-product","3":"status-publish","4":"has-post-thumbnail","6":"product_cat-accesorii-drone-agricole","7":"desktop-align-left","8":"tablet-align-left","9":"mobile-align-left","11":"first","12":"instock","13":"shipping-taxable","14":"purchasable","15":"product-type-simple"},"acf":[],"yoast_head":"<!-- This site is optimized with the Yoast SEO plugin v25.5 - https:\/\/yoast.com\/wordpress\/plugins\/seo\/ -->\n<title>Kit Pomicultur\u0103 \/ Viticultur\u0103 DJI Agras T30 - Dron Agro Asistance<\/title>\n<meta name=\"robots\" content=\"index, follow, max-snippet:-1, max-image-preview:large, max-video-preview:-1\" \/>\n<link rel=\"canonical\" href=\"https:\/\/droneagro.md\/ru\/accesorii-drone-agricole\/kit-pomicultura-viticultura-dji-agras-t30\/\" \/>\n<meta property=\"og:locale\" content=\"ru_RU\" \/>\n<meta property=\"og:type\" content=\"article\" \/>\n<meta property=\"og:title\" content=\"Kit Pomicultur\u0103 \/ Viticultur\u0103 DJI Agras T30 - Dron Agro Asistance\" \/>\n<meta property=\"og:description\" content=\"Sistemul de pulverizare pentru livezi \u0219i vi\u021b\u0103 de vie. Permite schimbarea configura\u021biei celei mai performante drone agricole DJI AGRAS T30 la configura\u021bia Orchard, mod dedicat opera\u021biunilor efectuate \u00een livezi \u0219i planta\u021biile de vi\u021b\u0103-de-vie. Totodat\u0103 se folosesc duzele conice TX-VK4 sau ZV-VK4 pentru o penetrabilitate sporit\u0103.\" \/>\n<meta property=\"og:url\" content=\"https:\/\/droneagro.md\/ru\/accesorii-drone-agricole\/kit-pomicultura-viticultura-dji-agras-t30\/\" \/>\n<meta property=\"og:site_name\" content=\"Dron Agro Asistance\" \/>\n<meta property=\"article:modified_time\" content=\"2024-03-19T21:00:41+00:00\" \/>\n<meta property=\"og:image\" content=\"https:\/\/droneagro.md\/wp-content\/uploads\/2024\/02\/KitPomiculturaViticulturaDJIAgrasT30.png\" \/>\n\t<meta property=\"og:image:width\" content=\"300\" \/>\n\t<meta property=\"og:image:height\" content=\"300\" \/>\n\t<meta property=\"og:image:type\" content=\"image\/png\" \/>\n<meta name=\"twitter:card\" content=\"summary_large_image\" \/>\n<script type=\"application\/ld+json\" class=\"yoast-schema-graph\">{\"@context\":\"https:\/\/schema.org\",\"@graph\":[{\"@type\":\"WebPage\",\"@id\":\"https:\/\/droneagro.md\/ru\/accesorii-drone-agricole\/kit-pomicultura-viticultura-dji-agras-t30\/\",\"url\":\"https:\/\/droneagro.md\/ru\/accesorii-drone-agricole\/kit-pomicultura-viticultura-dji-agras-t30\/\",\"name\":\"Kit Pomicultur\u0103 \/ Viticultur\u0103 DJI Agras T30 - Dron Agro Asistance\",\"isPartOf\":{\"@id\":\"https:\/\/droneagro.md\/ru\/#website\"},\"primaryImageOfPage\":{\"@id\":\"https:\/\/droneagro.md\/ru\/accesorii-drone-agricole\/kit-pomicultura-viticultura-dji-agras-t30\/#primaryimage\"},\"image\":{\"@id\":\"https:\/\/droneagro.md\/ru\/accesorii-drone-agricole\/kit-pomicultura-viticultura-dji-agras-t30\/#primaryimage\"},\"thumbnailUrl\":\"https:\/\/droneagro.md\/wp-content\/uploads\/2024\/02\/KitPomiculturaViticulturaDJIAgrasT30.png\",\"datePublished\":\"2024-02-20T17:58:31+00:00\",\"dateModified\":\"2024-03-19T21:00:41+00:00\",\"breadcrumb\":{\"@id\":\"https:\/\/droneagro.md\/ru\/accesorii-drone-agricole\/kit-pomicultura-viticultura-dji-agras-t30\/#breadcrumb\"},\"inLanguage\":\"ru-RU\",\"potentialAction\":[{\"@type\":\"ReadAction\",\"target\":[\"https:\/\/droneagro.md\/ru\/accesorii-drone-agricole\/kit-pomicultura-viticultura-dji-agras-t30\/\"]}]},{\"@type\":\"ImageObject\",\"inLanguage\":\"ru-RU\",\"@id\":\"https:\/\/droneagro.md\/ru\/accesorii-drone-agricole\/kit-pomicultura-viticultura-dji-agras-t30\/#primaryimage\",\"url\":\"https:\/\/droneagro.md\/wp-content\/uploads\/2024\/02\/KitPomiculturaViticulturaDJIAgrasT30.png\",\"contentUrl\":\"https:\/\/droneagro.md\/wp-content\/uploads\/2024\/02\/KitPomiculturaViticulturaDJIAgrasT30.png\",\"width\":300,\"height\":300},{\"@type\":\"BreadcrumbList\",\"@id\":\"https:\/\/droneagro.md\/ru\/accesorii-drone-agricole\/kit-pomicultura-viticultura-dji-agras-t30\/#breadcrumb\",\"itemListElement\":[{\"@type\":\"ListItem\",\"position\":1,\"name\":\"\u0413\u043b\u0430\u0432\u043d\u0430\u044f\",\"item\":\"https:\/\/droneagro.md\/ru\/\"},{\"@type\":\"ListItem\",\"position\":2,\"name\":\"Magazin\",\"item\":\"https:\/\/droneagro.md\/shop\/\"},{\"@type\":\"ListItem\",\"position\":3,\"name\":\"Kit Pomicultur\u0103 \/ Viticultur\u0103 DJI Agras T30\"}]},{\"@type\":\"WebSite\",\"@id\":\"https:\/\/droneagro.md\/ru\/#website\",\"url\":\"https:\/\/droneagro.md\/ru\/\",\"name\":\"Dron Agro Asistance\",\"description\":\"Inova\u021bie \u00een agricultur\u0103, cu ajutorul dronelor\",\"publisher\":{\"@id\":\"https:\/\/droneagro.md\/ru\/#organization\"},\"potentialAction\":[{\"@type\":\"SearchAction\",\"target\":{\"@type\":\"EntryPoint\",\"urlTemplate\":\"https:\/\/droneagro.md\/ru\/?s={search_term_string}\"},\"query-input\":{\"@type\":\"PropertyValueSpecification\",\"valueRequired\":true,\"valueName\":\"search_term_string\"}}],\"inLanguage\":\"ru-RU\"},{\"@type\":\"Organization\",\"@id\":\"https:\/\/droneagro.md\/ru\/#organization\",\"name\":\"Dron Agro Asistance\",\"url\":\"https:\/\/droneagro.md\/ru\/\",\"logo\":{\"@type\":\"ImageObject\",\"inLanguage\":\"ru-RU\",\"@id\":\"https:\/\/droneagro.md\/ru\/#\/schema\/logo\/image\/\",\"url\":\"https:\/\/droneagro.md\/wp-content\/uploads\/2024\/02\/cropped-dronlogoedit3.8c2c5a9c5072d03c3cfb-1.png\",\"contentUrl\":\"https:\/\/droneagro.md\/wp-content\/uploads\/2024\/02\/cropped-dronlogoedit3.8c2c5a9c5072d03c3cfb-1.png\",\"width\":595,\"height\":210,\"caption\":\"Dron Agro Asistance\"},\"image\":{\"@id\":\"https:\/\/droneagro.md\/ru\/#\/schema\/logo\/image\/\"}}]}<\/script>\n<!-- \/ Yoast SEO plugin. -->","yoast_head_json":{"title":"Kit Pomicultur\u0103 \/ Viticultur\u0103 DJI Agras T30 - Dron Agro Asistance","robots":{"index":"index","follow":"follow","max-snippet":"max-snippet:-1","max-image-preview":"max-image-preview:large","max-video-preview":"max-video-preview:-1"},"canonical":"https:\/\/droneagro.md\/ru\/accesorii-drone-agricole\/kit-pomicultura-viticultura-dji-agras-t30\/","og_locale":"ru_RU","og_type":"article","og_title":"Kit Pomicultur\u0103 \/ Viticultur\u0103 DJI Agras T30 - Dron Agro Asistance","og_description":"Sistemul de pulverizare pentru livezi \u0219i vi\u021b\u0103 de vie. Permite schimbarea configura\u021biei celei mai performante drone agricole DJI AGRAS T30 la configura\u021bia Orchard, mod dedicat opera\u021biunilor efectuate \u00een livezi \u0219i planta\u021biile de vi\u021b\u0103-de-vie. Totodat\u0103 se folosesc duzele conice TX-VK4 sau ZV-VK4 pentru o penetrabilitate sporit\u0103.","og_url":"https:\/\/droneagro.md\/ru\/accesorii-drone-agricole\/kit-pomicultura-viticultura-dji-agras-t30\/","og_site_name":"Dron Agro Asistance","article_modified_time":"2024-03-19T21:00:41+00:00","og_image":[{"width":300,"height":300,"url":"https:\/\/droneagro.md\/wp-content\/uploads\/2024\/02\/KitPomiculturaViticulturaDJIAgrasT30.png","type":"image\/png"}],"twitter_card":"summary_large_image","schema":{"@context":"https:\/\/schema.org","@graph":[{"@type":"WebPage","@id":"https:\/\/droneagro.md\/ru\/accesorii-drone-agricole\/kit-pomicultura-viticultura-dji-agras-t30\/","url":"https:\/\/droneagro.md\/ru\/accesorii-drone-agricole\/kit-pomicultura-viticultura-dji-agras-t30\/","name":"Kit Pomicultur\u0103 \/ Viticultur\u0103 DJI Agras T30 - Dron Agro Asistance","isPartOf":{"@id":"https:\/\/droneagro.md\/ru\/#website"},"primaryImageOfPage":{"@id":"https:\/\/droneagro.md\/ru\/accesorii-drone-agricole\/kit-pomicultura-viticultura-dji-agras-t30\/#primaryimage"},"image":{"@id":"https:\/\/droneagro.md\/ru\/accesorii-drone-agricole\/kit-pomicultura-viticultura-dji-agras-t30\/#primaryimage"},"thumbnailUrl":"https:\/\/droneagro.md\/wp-content\/uploads\/2024\/02\/KitPomiculturaViticulturaDJIAgrasT30.png","datePublished":"2024-02-20T17:58:31+00:00","dateModified":"2024-03-19T21:00:41+00:00","breadcrumb":{"@id":"https:\/\/droneagro.md\/ru\/accesorii-drone-agricole\/kit-pomicultura-viticultura-dji-agras-t30\/#breadcrumb"},"inLanguage":"ru-RU","potentialAction":[{"@type":"ReadAction","target":["https:\/\/droneagro.md\/ru\/accesorii-drone-agricole\/kit-pomicultura-viticultura-dji-agras-t30\/"]}]},{"@type":"ImageObject","inLanguage":"ru-RU","@id":"https:\/\/droneagro.md\/ru\/accesorii-drone-agricole\/kit-pomicultura-viticultura-dji-agras-t30\/#primaryimage","url":"https:\/\/droneagro.md\/wp-content\/uploads\/2024\/02\/KitPomiculturaViticulturaDJIAgrasT30.png","contentUrl":"https:\/\/droneagro.md\/wp-content\/uploads\/2024\/02\/KitPomiculturaViticulturaDJIAgrasT30.png","width":300,"height":300},{"@type":"BreadcrumbList","@id":"https:\/\/droneagro.md\/ru\/accesorii-drone-agricole\/kit-pomicultura-viticultura-dji-agras-t30\/#breadcrumb","itemListElement":[{"@type":"ListItem","position":1,"name":"\u0413\u043b\u0430\u0432\u043d\u0430\u044f","item":"https:\/\/droneagro.md\/ru\/"},{"@type":"ListItem","position":2,"name":"Magazin","item":"https:\/\/droneagro.md\/shop\/"},{"@type":"ListItem","position":3,"name":"Kit Pomicultur\u0103 \/ Viticultur\u0103 DJI Agras T30"}]},{"@type":"WebSite","@id":"https:\/\/droneagro.md\/ru\/#website","url":"https:\/\/droneagro.md\/ru\/","name":"Dron Agro Asistance","description":"Inova\u021bie \u00een agricultur\u0103, cu ajutorul dronelor","publisher":{"@id":"https:\/\/droneagro.md\/ru\/#organization"},"potentialAction":[{"@type":"SearchAction","target":{"@type":"EntryPoint","urlTemplate":"https:\/\/droneagro.md\/ru\/?s={search_term_string}"},"query-input":{"@type":"PropertyValueSpecification","valueRequired":true,"valueName":"search_term_string"}}],"inLanguage":"ru-RU"},{"@type":"Organization","@id":"https:\/\/droneagro.md\/ru\/#organization","name":"Dron Agro Asistance","url":"https:\/\/droneagro.md\/ru\/","logo":{"@type":"ImageObject","inLanguage":"ru-RU","@id":"https:\/\/droneagro.md\/ru\/#\/schema\/logo\/image\/","url":"https:\/\/droneagro.md\/wp-content\/uploads\/2024\/02\/cropped-dronlogoedit3.8c2c5a9c5072d03c3cfb-1.png","contentUrl":"https:\/\/droneagro.md\/wp-content\/uploads\/2024\/02\/cropped-dronlogoedit3.8c2c5a9c5072d03c3cfb-1.png","width":595,"height":210,"caption":"Dron Agro Asistance"},"image":{"@id":"https:\/\/droneagro.md\/ru\/#\/schema\/logo\/image\/"}}]}},"_links":{"self":[{"href":"https:\/\/droneagro.md\/ru\/wp-json\/wp\/v2\/product\/1338","targetHints":{"allow":["GET"]}}],"collection":[{"href":"https:\/\/droneagro.md\/ru\/wp-json\/wp\/v2\/product"}],"about":[{"href":"https:\/\/droneagro.md\/ru\/wp-json\/wp\/v2\/types\/product"}],"wp:featuredmedia":[{"embeddable":true,"href":"https:\/\/droneagro.md\/ru\/wp-json\/wp\/v2\/media\/1318"}],"wp:attachment":[{"href":"https:\/\/droneagro.md\/ru\/wp-json\/wp\/v2\/media?parent=1338"}],"wp:term":[{"taxonomy":"product_brand","embeddable":true,"href":"https:\/\/droneagro.md\/ru\/wp-json\/wp\/v2\/product_brand?post=1338"},{"taxonomy":"product_cat","embeddable":true,"href":"https:\/\/droneagro.md\/ru\/wp-json\/wp\/v2\/product_cat?post=1338"},{"taxonomy":"product_tag","embeddable":true,"href":"https:\/\/droneagro.md\/ru\/wp-json\/wp\/v2\/product_tag?post=1338"}],"curies":[{"name":"wp","href":"https:\/\/api.w.org\/{rel}","templated":true}]}}